{"id":195,"date":"2016-11-29T09:06:55","date_gmt":"2016-11-29T09:06:55","guid":{"rendered":"http:\/\/terreunsat.epfl.ch\/?page_id=195"},"modified":"2017-04-12T12:58:32","modified_gmt":"2017-04-12T12:58:32","slug":"list-of-lecturers","status":"publish","type":"page","link":"https:\/\/terreunsat.epfl.ch\/index.php\/list-of-lecturers\/","title":{"rendered":"List of lecturers"},"content":{"rendered":"<h6><em>(A<span lang=\"en\">lphabetical order<\/span>)<\/em><\/h6>\n<hr \/>\n<p><strong>Yu Jun Cui<\/strong>, \u00c9cole Nationale des Ponts et Chauss\u00e9es (France)<\/p>\n<p><strong>Alessio Ferrari<\/strong>, \u00c9cole Polytechnique F\u00e9d\u00e9rale de Lausanne (Switzerland)<\/p>\n<p><strong>Domenico Gallipoli<\/strong>, Universit\u00e9 de Pau et des Pays de l\u2019Adour, (France)<\/p>\n<p><strong>Cristina Jommi<\/strong>,\u00a0Technische Universiteit Delft, (Netherlands)<\/p>\n<p><strong>Lyesse Laloui<\/strong>, \u00c9cole Polytechnique F\u00e9d\u00e9rale de Lausanne (Switzerland)<\/p>\n<p><strong>Marianna Pirone<\/strong>, Universit\u00e0 degli Studi di Napoli Federico II (Italy)<\/p>\n<p><strong>Enrique Romero<\/strong>, Universitat Polyt\u00e8cnica de Catalunya, (Spain)<\/p>\n<p><strong>Giacomo Russo<\/strong>, Universit\u00e0 degli Studi di Cassino (Italy)<\/p>\n<p><strong>Lorenzo Sanavia<\/strong>, Universit\u00e0 degli studi di Padova (Italy)<\/p>\n<p><strong>Tom Schanz<\/strong>, Ruhr-Universit\u00e4t Bochum (Germany)<\/p>\n<p><strong>Alessandro Tarantino<\/strong>, University of Strathclyde (United Kingdom)<\/p>\n<p><strong>David Toll<\/strong>,University of Durham (United Kingdom)<\/p>\n<hr \/>\n<p>&nbsp;<\/p>\n","protected":false},"excerpt":{"rendered":"<p>(Alphabetical order) Yu Jun Cui, \u00c9cole Nationale des Ponts et Chauss\u00e9es (France) Alessio Ferrari, \u00c9cole Polytechnique F\u00e9d\u00e9rale de Lausanne (Switzerland) Domenico Gallipoli, Universit\u00e9 de Pau et des Pays de l\u2019Adour, (France) Cristina Jommi,\u00a0Technische Universiteit Delft, (Netherlands) Lyesse Laloui, \u00c9cole Polytechnique &hellip; <a href=\"https:\/\/terreunsat.epfl.ch\/index.php\/list-of-lecturers\/\">Continue reading <span class=\"meta-nav\">&rarr;<\/span><\/a><\/p>\n","protected":false},"author":2,"featured_media":0,"parent":0,"menu_order":0,"comment_status":"closed","ping_status":"closed","template":"","meta":[],"_links":{"self":[{"href":"https:\/\/terreunsat.epfl.ch\/index.php\/wp-json\/wp\/v2\/pages\/195"}],"collection":[{"href":"https:\/\/terreunsat.epfl.ch\/index.php\/wp-json\/wp\/v2\/pages"}],"about":[{"href":"https:\/\/terreunsat.epfl.ch\/index.php\/wp-json\/wp\/v2\/types\/page"}],"author":[{"embeddable":true,"href":"https:\/\/terreunsat.epfl.ch\/index.php\/wp-json\/wp\/v2\/users\/2"}],"replies":[{"embeddable":true,"href":"https:\/\/terreunsat.epfl.ch\/index.php\/wp-json\/wp\/v2\/comments?post=195"}],"version-history":[{"count":14,"href":"https:\/\/terreunsat.epfl.ch\/index.php\/wp-json\/wp\/v2\/pages\/195\/revisions"}],"predecessor-version":[{"id":289,"href":"https:\/\/terreunsat.epfl.ch\/index.php\/wp-json\/wp\/v2\/pages\/195\/revisions\/289"}],"wp:attachment":[{"href":"https:\/\/terreunsat.epfl.ch\/index.php\/wp-json\/wp\/v2\/media?parent=195"}],"curies":[{"name":"wp","href":"https:\/\/api.w.org\/{rel}","templated":true}]}}